{"id":141,"date":"2015-07-24T03:26:17","date_gmt":"2015-07-24T03:26:17","guid":{"rendered":"http:\/\/demo.vegatheme.com\/archilight\/?page_id=141"},"modified":"2023-09-19T16:18:26","modified_gmt":"2023-09-19T14:18:26","slug":"homepage-slider","status":"publish","type":"page","link":"https:\/\/arquitecto.paginasea.es\/","title":{"rendered":"Home"},"content":{"rendered":"<section class=\"wpb-content-wrapper\"><p>[vc_row fullwidth=&#8221;yes&#8221;][vc_column]\n\t\t\t<!-- START Home Light REVOLUTION SLIDER 6.6.16 --><p class=\"rs-p-wp-fix\"><\/p>\n\t\t\t<rs-module-wrap id=\"rev_slider_1_1_wrapper\" data-source=\"gallery\" style=\"visibility:hidden;background:#e9e9e9;padding:0;\">\n\t\t\t\t<rs-module id=\"rev_slider_1_1\" style=\"\" data-version=\"6.6.16\">\n\t\t\t\t\t<rs-slides style=\"overflow: hidden; position: absolute;\">\n\t\t\t\t\t\t<rs-slide style=\"position: absolute;\" data-key=\"rs-3\" data-title=\"Slide 1\" data-anim=\"ms:500;\" data-in=\"o:0;\" data-out=\"a:false;\">\n\t\t\t\t\t\t\t<img src=\"\/\/arquitecto.paginasea.es\/wp-content\/plugins\/revslider\/public\/assets\/assets\/dummy.png\" alt=\"\" title=\"wide31.jpg\" width=\"1400\" height=\"802\" class=\"rev-slidebg tp-rs-img rs-lazyload\" data-lazyload=\"\/\/arquitecto.paginasea.es\/wp-content\/uploads\/revslider\/homelight\/wide31.jpg\" data-bg=\"p:center top;\" data-no-retina>\n<!--\n\t\t\t\t\t\t\t--><h2\n\t\t\t\t\t\t\t\tid=\"slider-1-slide-3-layer-2\" \n\t\t\t\t\t\t\t\tclass=\"rs-layer big-text\"\n\t\t\t\t\t\t\t\tdata-type=\"text\"\n\t\t\t\t\t\t\t\tdata-color=\"rgba(255, 255, 255, 1)\"\n\t\t\t\t\t\t\t\tdata-rsp_ch=\"on\"\n\t\t\t\t\t\t\t\tdata-xy=\"x:l,c,c,c;y:m;\"\n\t\t\t\t\t\t\t\tdata-text=\"s:52,50,45,40;l:23,23,23,25;ls:5px,5px,5px,4px;fw:300;\"\n\t\t\t\t\t\t\t\tdata-frame_0=\"sX:2;sY:2;\"\n\t\t\t\t\t\t\t\tdata-frame_1=\"e:expo.inOut;st:400;sp:800;sR:400;\"\n\t\t\t\t\t\t\t\tdata-frame_999=\"x:0;y:0;z:-50;sX:0.85;sY:0.85;o:0;rX:0;rY:0;rZ:0;skX:0;skY:0;e:expo.inOut;st:w;sp:400;sR:4800;\"\n\t\t\t\t\t\t\t\tstyle=\"z-index:6;font-family:'Montserrat';text-transform:uppercase;\"\n\t\t\t\t\t\t\t>Arquitec Servicios \n\t\t\t\t\t\t\t<\/h2><!--\n-->\t\t\t\t\t\t<\/rs-slide>\n\t\t\t\t\t<\/rs-slides>\n\t\t\t\t<\/rs-module>\n\t\t\t\t<script>\n\t\t\t\t\tsetREVStartSize({c: 'rev_slider_1_1',rl:[1240,1024,778,480],el:[500,768,960,720],gw:[1170,1024,778,480],gh:[500,768,960,720],type:'standard',justify:'',layout:'fullscreen',offsetContainer:'',offset:'',mh:\"0\"});if (window.RS_MODULES!==undefined && window.RS_MODULES.modules!==undefined && window.RS_MODULES.modules[\"revslider11\"]!==undefined) {window.RS_MODULES.modules[\"revslider11\"].once = false;window.revapi1 = undefined;if (window.RS_MODULES.checkMinimal!==undefined) window.RS_MODULES.checkMinimal()}\n\t\t\t\t<\/script>\n\t\t\t<\/rs-module-wrap>\n\t\t\t<!-- END REVOLUTION SLIDER -->\n[\/vc_column][\/vc_row][vc_section][vc_row][vc_column offset=&#8221;vc_hidden-xs&#8221;][vc_custom_heading text=&#8221;Estimado Cliente,&#8221; font_container=&#8221;tag:h2|text_align:center&#8221;][vc_column_text css=&#8221;.vc_custom_1694958447962{margin-right: 100px !important;margin-left: 100px !important;}&#8221;]<\/p>\n<h4 style=\"text-align: left;\">Somos un equipo de Arquitectos T\u00e9cnicos e Ingenieros en Edificaci\u00f3n de la Comunidad de Murcia.<br \/>\nNos caracterizamos por un trato cercano y profesional.<br \/>\nPrestamos m\u00e1xima atenci\u00f3n a sus necesidades, para dar la mejor respuesta t\u00e9cnica.<br \/>\nNo dude en consultarnos sin compromiso.<\/h4>\n<p>&nbsp;<\/p>\n<h4 style=\"padding-left: 320px; text-align: right;\">Reciba un cordial saludo,<\/h4>\n<h4 style=\"padding-left: 320px; text-align: right;\"><img decoding=\"async\" loading=\"lazy\" class=\"alignnone size-full wp-image-1542\" src=\"http:\/\/arquitecto.paginasea.es\/wp-content\/uploads\/2023\/09\/WhatsApp_Image_2023-09-17_at_15.36.38-removebg-preview-e1694958426486.png\" alt=\"\" width=\"176\" height=\"149\" \/><\/h4>\n<h4 style=\"padding-left: 320px; text-align: right;\">Rafael Mengual Lorente,<\/h4>\n<h4 style=\"padding-left: 320px; text-align: right;\">Arquitecto T\u00e9cnico colegiado n\u00b02663<\/h4>\n<p>[\/vc_column_text][\/vc_column][\/vc_row][vc_row][vc_column offset=&#8221;vc_hidden-lg vc_hidden-md vc_hidden-sm&#8221;][vc_custom_heading text=&#8221;Estimado Cliente,&#8221; font_container=&#8221;tag:h2|text_align:center&#8221;][vc_column_text css=&#8221;.vc_custom_1694958489489{margin-right: 10px !important;margin-left: 10px !important;}&#8221;]<\/p>\n<h4 style=\"text-align: left;\">Somos un equipo de Arquitectos T\u00e9cnicos e Ingenieros en Edificaci\u00f3n de la Comunidad de Murcia.<br \/>\nNos caracterizamos por un trato cercano y profesional.<br \/>\nPrestamos m\u00e1xima atenci\u00f3n a sus necesidades, para dar la mejor respuesta t\u00e9cnica.<br \/>\nNo dude en consultarnos sin compromiso.<\/h4>\n<p>&nbsp;<\/p>\n<h4 style=\"padding-left: 320px; text-align: right;\">Reciba un cordial saludo,<\/h4>\n<h4 style=\"padding-left: 320px; text-align: right;\"><img decoding=\"async\" loading=\"lazy\" class=\"alignnone size-full wp-image-1542\" src=\"http:\/\/arquitecto.paginasea.es\/wp-content\/uploads\/2023\/09\/WhatsApp_Image_2023-09-17_at_15.36.38-removebg-preview-e1694958426486.png\" alt=\"\" width=\"176\" height=\"149\" \/><\/h4>\n<h4 style=\"padding-left: 320px; text-align: right;\">Rafael Mengual Lorente,<\/h4>\n<h4 style=\"padding-left: 320px; text-align: right;\">Arquitecto T\u00e9cnico colegiado n\u00b02663<\/h4>\n<p>[\/vc_column_text][\/vc_column][\/vc_row][\/vc_section][vc_row css=&#8221;.vc_custom_1694958260495{padding-top: 90px !important;padding-bottom: 60px !important;}&#8221;][vc_column animate=&#8221;fadeinup&#8221;]\n\t<!-- Element: OT Heading --> \t \n\t<h1 class=\"ot_custom_heading  \" style=\"text-align: center;\" >Servicios Que Prestamos<\/h1>\t\n\t<!-- Element: OT Line solid --> \t \n\t<div class=\" separator \"><span><i class=\"fa fa-circle\"><\/i><\/span><\/div>\n\t<div class=\"spacer-single\"><\/div>\t      \n[\/vc_column][vc_column width=&#8221;1\/3&#8243; animate=&#8221;fadeinleft&#8221;]\n\t<!-- Element: OT Heading --> \t \n\t<h3 class=\"ot_custom_heading  \" style=\"\" ><b>Direcciones de ejecuci\u00f3n de obra,<\/b> tanto publica como privada.<\/h3>\t\n[vc_column_text css=&#8221;.vc_custom_1694958080135{margin-bottom: 30px !important;}&#8221;]La direcci\u00f3n de obra es una fase esencial en cualquier proyecto de construcci\u00f3n. Implica la supervisi\u00f3n y coordinaci\u00f3n de todas las actividades necesarias para llevar a cabo la construcci\u00f3n de acuerdo con los planos y especificaciones establecidos.<\/p>\n<p>&nbsp;[\/vc_column_text][vc_single_image image=&#8221;1502&#8243; img_size=&#8221;full&#8221;][\/vc_column][vc_column width=&#8221;1\/3&#8243; animate=&#8221;fadeinup&#8221;]\n\t<!-- Element: OT Heading --> \t \n\t<h3 class=\"ot_custom_heading  \" style=\"\" ><b>Certificaciones<\/b> de eficiencia energ\u00e9tica<\/h3>\t\n[vc_column_text css=&#8221;.vc_custom_1694895932097{margin-bottom: 30px !important;}&#8221;]<\/p>\n<p style=\"text-align: left;\">Las certificaciones de eficiencia energ\u00e9tica eval\u00faan y califican el rendimiento energ\u00e9tico de edificios, electrodom\u00e9sticos o sistemas. Estas certificaciones proporcionan una clasificaci\u00f3n que indica cu\u00e1n eficientes son en t\u00e9rminos de consumo energ\u00e9tico, lo que ayuda a los consumidores a tomar decisiones informadas y a promover la sostenibilidad.<\/p>\n<p>[\/vc_column_text][vc_single_image image=&#8221;1503&#8243; img_size=&#8221;full&#8221;][\/vc_column][vc_column width=&#8221;1\/3&#8243; animate=&#8221;fadinright&#8221;]\n\t<!-- Element: OT Heading --> \t \n\t<h3 class=\"ot_custom_heading  \" style=\"\" ><b>Direcciones de calidad <\/b> en edificaci\u00f3n<\/h3>\t\n[vc_column_text css=&#8221;.vc_custom_1694272599147{margin-bottom: 30px !important;}&#8221;]La direcci\u00f3n de calidad en edificaci\u00f3n es un proceso fundamental que asegura que los proyectos de construcci\u00f3n cumplan con los est\u00e1ndares y especificaciones de calidad. Implica la planificaci\u00f3n, supervisi\u00f3n y control de todas las actividades relacionadas con la construcci\u00f3n para garantizar la excelencia en la ejecuci\u00f3n.[\/vc_column_text][vc_single_image image=&#8221;1505&#8243; img_size=&#8221;full&#8221; css=&#8221;.vc_custom_1694958114957{padding-top: 20px !important;}&#8221;][\/vc_column][\/vc_row][vc_row css=&#8221;.vc_custom_1495530476030{padding-top: 90px !important;padding-bottom: 60px !important;}&#8221;][vc_column width=&#8221;1\/3&#8243; animate=&#8221;fadeinleft&#8221;]\n\t<!-- Element: OT Heading --> \t \n\t<h3 class=\"ot_custom_heading  \" style=\"\" ><b>Coordinaci\u00f3n de seguridad y salud<\/b> tanto en edificaci\u00f3n como en industrial<\/h3>\t\n[vc_column_text css=&#8221;.vc_custom_1694288829933{margin-bottom: 30px !important;}&#8221;]La coordinaci\u00f3n de seguridad y salud, tanto en edificaci\u00f3n como en la industria, es un proceso que garantiza la prevenci\u00f3n de riesgos laborales y la protecci\u00f3n de trabajadores y visitantes en proyectos de construcci\u00f3n. Involucra la planificaci\u00f3n, supervisi\u00f3n y control de medidas de seguridad, la identificaci\u00f3n de peligros y la promoci\u00f3n de un entorno de trabajo seguro, cumpliendo con regulaciones y normativas.[\/vc_column_text][vc_single_image image=&#8221;1506&#8243; img_size=&#8221;full&#8221; css=&#8221;.vc_custom_1694958144929{padding-top: 23px !important;}&#8221;][\/vc_column][vc_column width=&#8221;1\/3&#8243; animate=&#8221;fadeinup&#8221;]\n\t<!-- Element: OT Heading --> \t \n\t<h3 class=\"ot_custom_heading  \" style=\"\" ><b>Asistencia<\/b>  tecnica \/ administrativa \/ juridica<\/h3>\t\n[vc_column_text css=&#8221;.vc_custom_1694275087916{margin-bottom: 30px !important;}&#8221;]<\/p>\n<p style=\"text-align: left;\">La asistencia t\u00e9cnica, administrativa y jur\u00eddica son servicios especializados que ofrecen apoyo en \u00e1reas espec\u00edficas. La asistencia t\u00e9cnica implica asesoramiento en cuestiones t\u00e9cnicas, como dise\u00f1o e ingenier\u00eda. La asistencia administrativa se enfoca en la gesti\u00f3n de actividades empresariales, incluyendo planificaci\u00f3n y recursos humanos. La asistencia jur\u00eddica proporciona orientaci\u00f3n legal en asuntos como contratos y litigios.<\/p>\n<p>[\/vc_column_text][vc_single_image image=&#8221;1507&#8243; img_size=&#8221;full&#8221;][\/vc_column][vc_column width=&#8221;1\/3&#8243; animate=&#8221;fadinright&#8221;]\n\t<!-- Element: OT Heading --> \t \n\t<h3 class=\"ot_custom_heading  \" style=\"\" ><b>Proyectos de obra nueva<\/b>  a trav\u00e9s de nuestros arquitectos asociados<\/h3>\t\n[vc_column_text css=&#8221;.vc_custom_1694288906813{margin-bottom: 30px !important;}&#8221;]Nuestros arquitectos asociados lideran proyectos de obra nueva, creando dise\u00f1os innovadores y funcionales. Desde la concepci\u00f3n hasta la construcci\u00f3n, proporcionan un enfoque integral. Se centran en la eficiencia energ\u00e9tica, la est\u00e9tica y el cumplimiento de normativas para ofrecer soluciones de alta calidad. Trabajan estrechamente con los clientes para dar vida a sus visiones, garantizando resultados excepcionales en proyectos de construcci\u00f3n.[\/vc_column_text][vc_single_image image=&#8221;1508&#8243; img_size=&#8221;full&#8221;][\/vc_column][\/vc_row][vc_section][vc_row][vc_column offset=&#8221;vc_hidden-xs&#8221;]\n\t<!-- Element: OT Heading --> \t \n\t<h1 class=\"ot_custom_heading  \" style=\"text-align: center;\" >Trabajos M\u00e1s Relevantes<\/h1>\t\n[vc_column_text css=&#8221;.vc_custom_1695133035206{margin-top: 20px !important;margin-right: 100px !important;margin-left: 100px !important;}&#8221;]<\/p>\n<ul>\n<li>\n<h3>Director de Ejecuci\u00f3n de Obra y Coordinador de Seguridad y Salud en la rehabilitaci\u00f3n del Centro Penitenciario de Murcia 1 para el Servicio de Instituciones Penitenciarias de Espa\u00f1a.<\/h3>\n<\/li>\n<li>\n<h3>Director de Ejecuci\u00f3n de Obra y Coordinador de Seguridad y Salud en obra nueva, Edificio Asistencial Sanitaria Ibermutuamur, Cartagena.<\/h3>\n<\/li>\n<li>\n<h3>Director de calidad Centro Sanitario Abanilla, Consejer\u00eda de Salud, Regi\u00f3n de Murcia.<\/h3>\n<\/li>\n<li>\n<h3>T\u00e9cnico Superior de Seguridad y Salud, Proyecto Submarinos S80Plus Navantia.<\/h3>\n<\/li>\n<\/ul>\n<p>[\/vc_column_text][\/vc_column][\/vc_row][vc_row][vc_column offset=&#8221;vc_hidden-lg vc_hidden-md vc_hidden-sm&#8221;]\n\t<!-- Element: OT Heading --> \t \n\t<h1 class=\"ot_custom_heading  \" style=\"text-align: center;\" >Trabajos M\u00e1s Relevantes<\/h1>\t\n[vc_column_text css=&#8221;.vc_custom_1695133022014{margin-top: 20px !important;margin-right: 10px !important;margin-left: 10px !important;}&#8221;]<\/p>\n<ul>\n<li>\n<h3>Director de Ejecuci\u00f3n de Obra y Coordinador de Seguridad y Salud en la rehabilitaci\u00f3n del Centro Penitenciario de Murcia 1 para el Servicio de Instituciones Penitenciarias de Espa\u00f1a.<\/h3>\n<\/li>\n<li>\n<h3>Director de Ejecuci\u00f3n de Obra y Coordinador de Seguridad y Salud en obra nueva, Edificio Asistencial Sanitaria Ibermutuamur, Cartagena.<\/h3>\n<\/li>\n<li>\n<h3>Director de calidad Centro Sanitario Abanilla, Consejer\u00eda de Salud, Regi\u00f3n de Murcia.<\/h3>\n<\/li>\n<li>\n<h3>T\u00e9cnico Superior de Seguridad y Salud, Proyecto Submarinos S80Plus Navantia.<\/h3>\n<\/li>\n<\/ul>\n<p>[\/vc_column_text][\/vc_column][\/vc_row][\/vc_section][vc_section][vc_row][vc_column offset=&#8221;vc_hidden-xs&#8221;]\n\t<!-- Element: OT Heading --> \t \n\t<h1 class=\"ot_custom_heading  \" style=\"text-align: center;\" >Proyectos de Obra Nueva<\/h1>\t\n[vc_column_text css=&#8221;.vc_custom_1694297035787{margin-top: 20px !important;margin-right: 100px !important;margin-left: 100px !important;}&#8221;]<\/p>\n<h3 style=\"text-align: center;\">Damos servicios de proyectos de obra nueva a trav\u00e9s de nuestros arquitectos asociados, buscando la mejor solucion necesidad\/obra\/presupuesto.<br \/>\nAmplia experiencia en coordinaciones de seguridad tanto en edificaci\u00f3n como en entorno industrial.<\/h3>\n<p>[\/vc_column_text][\/vc_column][\/vc_row][vc_row][vc_column offset=&#8221;vc_hidden-lg vc_hidden-md vc_hidden-sm&#8221;]\n\t<!-- Element: OT Heading --> \t \n\t<h1 class=\"ot_custom_heading  \" style=\"text-align: center;\" >Proyectos de Obra Nueva<\/h1>\t\n[vc_column_text css=&#8221;.vc_custom_1694297040676{margin-top: 20px !important;margin-right: 10px !important;margin-left: 10px !important;}&#8221;]<\/p>\n<h3 style=\"text-align: center;\">Damos servicios de proyectos de obra nueva a trav\u00e9s de nuestros arquitectos asociados, buscando la mejor solucion necesidad\/obra\/presupuesto.<br \/>\nAmplia experiencia en coordinaciones de seguridad tanto en edificaci\u00f3n como en entorno industrial.<\/h3>\n<p>[\/vc_column_text][\/vc_column][\/vc_row][\/vc_section][vc_section][\/vc_section][vc_row fullwidth=&#8221;yes&#8221; css=&#8221;.vc_custom_1442204079522{padding-top: 60px !important;padding-bottom: 60px !important;}&#8221; el_class=&#8221;call-to-action bg-color text-center&#8221;][vc_column]\t\t\t\n\t<!-- Element: OT Button --> \n\t\t\t<a href=\"https:\/\/arquitecto.paginasea.es\/index.php\/projects\/\" target=\"_self\" class=\"btn btn-line-black btn-big  \">VER PROYECTOS<\/a>\n\t    \n[\/vc_column][\/vc_row][vc_row][vc_column][\/vc_column][\/vc_row]<\/p>\n<\/section>","protected":false},"excerpt":{"rendered":"<p>[vc_row fullwidth=&#8221;yes&#8221;][vc_column][\/vc_column][\/vc_row][vc_section][vc_row][vc_column offset=&#8221;vc_hidden-xs&#8221;][vc_custom_heading text=&#8221;Estimado Cliente,&#8221; font_container=&#8221;tag:h2|text_align:center&#8221;][vc_column_text css=&#8221;.vc_custom_1694958447962{margin-right: 100px !important;margin-left: 100px !important;}&#8221;] Somos un equipo de Arquitectos T\u00e9cnicos e Ingenieros en Edificaci\u00f3n de la Comunidad de Murcia. Nos caracterizamos por un trato cercano y profesional. Prestamos m\u00e1xima atenci\u00f3n a sus necesidades, para dar la mejor respuesta t\u00e9cnica. No dude en consultarnos sin compromiso. &nbsp; Reciba un [&hellip;]<\/p>\n","protected":false},"author":1,"featured_media":0,"parent":0,"menu_order":0,"comment_status":"open","ping_status":"open","template":"page-templates\/template-canvas.php","meta":{"footnotes":""},"aioseo_notices":[],"_links":{"self":[{"href":"https:\/\/arquitecto.paginasea.es\/index.php\/wp-json\/wp\/v2\/pages\/141"}],"collection":[{"href":"https:\/\/arquitecto.paginasea.es\/index.php\/wp-json\/wp\/v2\/pages"}],"about":[{"href":"https:\/\/arquitecto.paginasea.es\/index.php\/wp-json\/wp\/v2\/types\/page"}],"author":[{"embeddable":true,"href":"https:\/\/arquitecto.paginasea.es\/index.php\/wp-json\/wp\/v2\/users\/1"}],"replies":[{"embeddable":true,"href":"https:\/\/arquitecto.paginasea.es\/index.php\/wp-json\/wp\/v2\/comments?post=141"}],"version-history":[{"count":24,"href":"https:\/\/arquitecto.paginasea.es\/index.php\/wp-json\/wp\/v2\/pages\/141\/revisions"}],"predecessor-version":[{"id":1560,"href":"https:\/\/arquitecto.paginasea.es\/index.php\/wp-json\/wp\/v2\/pages\/141\/revisions\/1560"}],"wp:attachment":[{"href":"https:\/\/arquitecto.paginasea.es\/index.php\/wp-json\/wp\/v2\/media?parent=141"}],"curies":[{"name":"wp","href":"https:\/\/api.w.org\/{rel}","templated":true}]}}