{"id":229,"date":"2015-07-27T03:29:01","date_gmt":"2015-07-27T03:29:01","guid":{"rendered":"http:\/\/demo.vegatheme.com\/archilight\/?page_id=229"},"modified":"2023-09-18T20:08:22","modified_gmt":"2023-09-18T18:08:22","slug":"about","status":"publish","type":"page","link":"https:\/\/arquitecto.paginasea.es\/index.php\/about\/","title":{"rendered":"Sobre Nosotros"},"content":{"rendered":"<section class=\"wpb-content-wrapper\"><p>[vc_row fullwidth=&#8221;yes&#8221; css=&#8221;.vc_custom_1474447018555{background-position: 0 0 !important;background-repeat: no-repeat !important;}&#8221; el_class=&#8221;side-bg no-padding&#8221;][vc_column]\t<!-- Element: OT Quick Office -->\n\t<div class=\"side-bg\">\n\n\t\t<div class=\"image-container hidden-xs pull-left col-md-5\" style=\"background-image:url(https:\/\/arquitecto.paginasea.es\/wp-content\/uploads\/2023\/09\/1633215703.jpg); ?>\" data-delay=\"0\"><\/div>\n\n\t\t<!-- Added this code in 26\/03\/2019 -->\n\t\t<img class=\"visible-xs img-responsive\" src=\"https:\/\/arquitecto.paginasea.es\/wp-content\/uploads\/2023\/09\/1633215703.jpg\" \/>\n\n        <div class=\"container\">\n            <div class=\"row\">\n                <div class=\"inner-padding\">\n                    <div class=\"col-md-6 col-md-offset-6 wow fadeInRight\" data-wow-delay=\".2s\">\n                        <h2>Arquitec Servicios<\/h2><br\/>\n                        Estimado Cliente,<br \/>Somos un equipo de Arquitectos T\u00e9cnicos e Ingenieros en Edificaci\u00f3n de la Comunidad Aut\u00f3noma de Murcia.<br \/>Trabajamos en toda la Comunidad y alrededores, sobre todo provincia de Alicante.<br \/>Nos caracterizamos por un trato cercano y profesional.<br \/>Prestamos m\u00e1xima atenci\u00f3n a sus necesidades para dar la mejor respuesta t\u00e9cnica.<br \/>Tenemos socios Arquitectos para proyectos de obra nueva.<br \/>Nos avalan m\u00e1s de 10 a\u00f1os de experiencia como Directores de Ejecuci\u00f3n de Obra, tanto p\u00fablica como privada.<br \/>Yo, Rafael Mengual, dirijo el departamento y soy Arquitecto T\u00e9cnico Colegiado n\u00fam 2663.<br \/>Poseo M\u00e1ster oficial en Prevenci\u00f3n de riesgos laborales en las tres especialidades:<br \/>Seguridad y Salud Laboral<br \/>Higiene Industrial<br \/>Inspector T\u00e9cnico de Edificaci\u00f3n e Instalaciones por la Universidad Polit\u00e9cnica de Cartagena.<br \/>Ergonom\u00eda y Psicosociologia Aplicada<\/p>\n<p><img decoding=\"async\" loading=\"lazy\" class=\"alignnone size-full wp-image-1542\" src=\"http:\/\/arquitecto.paginasea.es\/wp-content\/uploads\/2023\/09\/WhatsApp_Image_2023-09-17_at_15.36.38-removebg-preview-e1694958426486.png\" alt=\"\" width=\"176\" height=\"149\" \/>                    <\/div>\n                    <div class=\"clearfix\"><\/div>\n                <\/div>\n            <\/div>\n        <\/div>\n\t<\/div>\n\n[\/vc_column][\/vc_row][vc_row fullwidth=&#8221;yes&#8221; css=&#8221;.vc_custom_1442204580531{padding-top: 60px !important;padding-bottom: 60px !important;}&#8221; el_class=&#8221;call-to-action bg-color text-center&#8221;][vc_column]\t\t\t\n\t<!-- Element: OT Button --> \n\t\t\t<a href=\"https:\/\/arquitecto.paginasea.es\/index.php\/contact\/\" target=\"_self\" class=\"btn btn-line-black btn-big  \">Cont\u00e1ctanos<\/a>\n\t    \n[\/vc_column][\/vc_row]<\/p>\n<\/section>","protected":false},"excerpt":{"rendered":"<p>[vc_row fullwidth=&#8221;yes&#8221; css=&#8221;.vc_custom_1474447018555{background-position: 0 0 !important;background-repeat: no-repeat !important;}&#8221; el_class=&#8221;side-bg no-padding&#8221;][vc_column][\/vc_column][\/vc_row][vc_row fullwidth=&#8221;yes&#8221; css=&#8221;.vc_custom_1442204580531{padding-top: 60px !important;padding-bottom: 60px !important;}&#8221; el_class=&#8221;call-to-action bg-color text-center&#8221;][vc_column][\/vc_column][\/vc_row]<\/p>\n","protected":false},"author":1,"featured_media":0,"parent":0,"menu_order":0,"comment_status":"open","ping_status":"open","template":"page-templates\/template-fullwidth.php","meta":{"footnotes":""},"aioseo_notices":[],"_links":{"self":[{"href":"https:\/\/arquitecto.paginasea.es\/index.php\/wp-json\/wp\/v2\/pages\/229"}],"collection":[{"href":"https:\/\/arquitecto.paginasea.es\/index.php\/wp-json\/wp\/v2\/pages"}],"about":[{"href":"https:\/\/arquitecto.paginasea.es\/index.php\/wp-json\/wp\/v2\/types\/page"}],"author":[{"embeddable":true,"href":"https:\/\/arquitecto.paginasea.es\/index.php\/wp-json\/wp\/v2\/users\/1"}],"replies":[{"embeddable":true,"href":"https:\/\/arquitecto.paginasea.es\/index.php\/wp-json\/wp\/v2\/comments?post=229"}],"version-history":[{"count":4,"href":"https:\/\/arquitecto.paginasea.es\/index.php\/wp-json\/wp\/v2\/pages\/229\/revisions"}],"predecessor-version":[{"id":1556,"href":"https:\/\/arquitecto.paginasea.es\/index.php\/wp-json\/wp\/v2\/pages\/229\/revisions\/1556"}],"wp:attachment":[{"href":"https:\/\/arquitecto.paginasea.es\/index.php\/wp-json\/wp\/v2\/media?parent=229"}],"curies":[{"name":"wp","href":"https:\/\/api.w.org\/{rel}","templated":true}]}}