{"id":872,"date":"2016-01-28T09:47:53","date_gmt":"2016-01-28T09:47:53","guid":{"rendered":"http:\/\/demo.vegatheme.com\/archilight\/?page_id=872"},"modified":"2023-09-17T15:56:19","modified_gmt":"2023-09-17T13:56:19","slug":"our-services","status":"publish","type":"page","link":"https:\/\/arquitecto.paginasea.es\/index.php\/our-services\/","title":{"rendered":"Servicios"},"content":{"rendered":"<section class=\"wpb-content-wrapper\"><p>[vc_row][vc_column][\/vc_column][\/vc_row][vc_row css=&#8221;.vc_custom_1694958260495{padding-top: 90px !important;padding-bottom: 60px !important;}&#8221;][vc_column animate=&#8221;fadeinup&#8221;]\n\t<!-- Element: OT Heading --> \t \n\t<h1 class=\"ot_custom_heading  \" style=\"text-align: center;\" >Servicios Que Prestamos<\/h1>\t\n\t<!-- Element: OT Line solid --> \t \n\t<div class=\" separator \"><span><i class=\"fa fa-circle\"><\/i><\/span><\/div>\n\t<div class=\"spacer-single\"><\/div>\t      \n[\/vc_column][vc_column width=&#8221;1\/3&#8243; animate=&#8221;fadeinleft&#8221;]\n\t<!-- Element: OT Heading --> \t \n\t<h3 class=\"ot_custom_heading  \" style=\"\" ><b>Direcciones de ejecuci\u00f3n de obra,<\/b> tanto publica como privada.<\/h3>\t\n[vc_column_text css=&#8221;.vc_custom_1694958080135{margin-bottom: 30px !important;}&#8221;]La direcci\u00f3n de obra es una fase esencial en cualquier proyecto de construcci\u00f3n. Implica la supervisi\u00f3n y coordinaci\u00f3n de todas las actividades necesarias para llevar a cabo la construcci\u00f3n de acuerdo con los planos y especificaciones establecidos.<\/p>\n<p>[\/vc_column_text][vc_single_image image=&#8221;1502&#8243; img_size=&#8221;full&#8221;][\/vc_column][vc_column width=&#8221;1\/3&#8243; animate=&#8221;fadeinup&#8221;]\n\t<!-- Element: OT Heading --> \t \n\t<h3 class=\"ot_custom_heading  \" style=\"\" ><b>Certificaciones<\/b> de eficiencia energ\u00e9tica<\/h3>\t\n[vc_column_text css=&#8221;.vc_custom_1694895932097{margin-bottom: 30px !important;}&#8221;]<\/p>\n<p style=\"text-align: left;\">Las certificaciones de eficiencia energ\u00e9tica eval\u00faan y califican el rendimiento energ\u00e9tico de edificios, electrodom\u00e9sticos o sistemas. Estas certificaciones proporcionan una clasificaci\u00f3n que indica cu\u00e1n eficientes son en t\u00e9rminos de consumo energ\u00e9tico, lo que ayuda a los consumidores a tomar decisiones informadas y a promover la sostenibilidad.<\/p>\n<p>[\/vc_column_text][vc_single_image image=&#8221;1503&#8243; img_size=&#8221;full&#8221;][\/vc_column][vc_column width=&#8221;1\/3&#8243; animate=&#8221;fadinright&#8221;]\n\t<!-- Element: OT Heading --> \t \n\t<h3 class=\"ot_custom_heading  \" style=\"\" ><b>Direcciones de calidad <\/b> en edificaci\u00f3n<\/h3>\t\n[vc_column_text css=&#8221;.vc_custom_1694272599147{margin-bottom: 30px !important;}&#8221;]La direcci\u00f3n de calidad en edificaci\u00f3n es un proceso fundamental que asegura que los proyectos de construcci\u00f3n cumplan con los est\u00e1ndares y especificaciones de calidad. Implica la planificaci\u00f3n, supervisi\u00f3n y control de todas las actividades relacionadas con la construcci\u00f3n para garantizar la excelencia en la ejecuci\u00f3n.[\/vc_column_text][vc_single_image image=&#8221;1505&#8243; img_size=&#8221;full&#8221; css=&#8221;.vc_custom_1694958114957{padding-top: 20px !important;}&#8221;][\/vc_column][\/vc_row][vc_row css=&#8221;.vc_custom_1495530476030{padding-top: 90px !important;padding-bottom: 60px !important;}&#8221;][vc_column width=&#8221;1\/3&#8243; animate=&#8221;fadeinleft&#8221;]\n\t<!-- Element: OT Heading --> \t \n\t<h3 class=\"ot_custom_heading  \" style=\"\" ><b>Coordinaci\u00f3n de seguridad y salud<\/b> tanto en edificaci\u00f3n como en industrial<\/h3>\t\n[vc_column_text css=&#8221;.vc_custom_1694288829933{margin-bottom: 30px !important;}&#8221;]La coordinaci\u00f3n de seguridad y salud, tanto en edificaci\u00f3n como en la industria, es un proceso que garantiza la prevenci\u00f3n de riesgos laborales y la protecci\u00f3n de trabajadores y visitantes en proyectos de construcci\u00f3n. Involucra la planificaci\u00f3n, supervisi\u00f3n y control de medidas de seguridad, la identificaci\u00f3n de peligros y la promoci\u00f3n de un entorno de trabajo seguro, cumpliendo con regulaciones y normativas.[\/vc_column_text][vc_single_image image=&#8221;1506&#8243; img_size=&#8221;full&#8221; css=&#8221;.vc_custom_1694958144929{padding-top: 23px !important;}&#8221;][\/vc_column][vc_column width=&#8221;1\/3&#8243; animate=&#8221;fadeinup&#8221;]\n\t<!-- Element: OT Heading --> \t \n\t<h3 class=\"ot_custom_heading  \" style=\"\" ><b>Asistencia<\/b> tecnica \/ administrativa \/ juridica<\/h3>\t\n[vc_column_text css=&#8221;.vc_custom_1694275087916{margin-bottom: 30px !important;}&#8221;]<\/p>\n<p style=\"text-align: left;\">La asistencia t\u00e9cnica, administrativa y jur\u00eddica son servicios especializados que ofrecen apoyo en \u00e1reas espec\u00edficas. La asistencia t\u00e9cnica implica asesoramiento en cuestiones t\u00e9cnicas, como dise\u00f1o e ingenier\u00eda. La asistencia administrativa se enfoca en la gesti\u00f3n de actividades empresariales, incluyendo planificaci\u00f3n y recursos humanos. La asistencia jur\u00eddica proporciona orientaci\u00f3n legal en asuntos como contratos y litigios.<\/p>\n<p>[\/vc_column_text][vc_single_image image=&#8221;1507&#8243; img_size=&#8221;full&#8221;][\/vc_column][vc_column width=&#8221;1\/3&#8243; animate=&#8221;fadinright&#8221;]\n\t<!-- Element: OT Heading --> \t \n\t<h3 class=\"ot_custom_heading  \" style=\"\" ><b>Proyectos de obra nueva<\/b> a trav\u00e9s de nuestros arquitectos asociados<\/h3>\t\n[vc_column_text css=&#8221;.vc_custom_1694288906813{margin-bottom: 30px !important;}&#8221;]Nuestros arquitectos asociados lideran proyectos de obra nueva, creando dise\u00f1os innovadores y funcionales. Desde la concepci\u00f3n hasta la construcci\u00f3n, proporcionan un enfoque integral. Se centran en la eficiencia energ\u00e9tica, la est\u00e9tica y el cumplimiento de normativas para ofrecer soluciones de alta calidad. Trabajan estrechamente con los clientes para dar vida a sus visiones, garantizando resultados excepcionales en proyectos de construcci\u00f3n.[\/vc_column_text][vc_single_image image=&#8221;1508&#8243; img_size=&#8221;full&#8221;][\/vc_column][\/vc_row][vc_row el_class=&#8221;call-to-action bg-color dark text-center&#8221; css=&#8221;.vc_custom_1453975666551{padding-top: 60px !important;padding-bottom: 60px !important;}&#8221;][vc_column]\t\t\t\n\t<!-- Element: OT Button --> \n\t\t\t<a href=\"https:\/\/arquitecto.paginasea.es\/index.php\/contact\/\" target=\"_self\" class=\"btn btn-line-black btn-big  \">Contacto<\/a>\n\t    \n[\/vc_column][\/vc_row]<\/p>\n<\/section>","protected":false},"excerpt":{"rendered":"<p>[vc_row][vc_column][\/vc_column][\/vc_row][vc_row css=&#8221;.vc_custom_1694958260495{padding-top: 90px !important;padding-bottom: 60px !important;}&#8221;][vc_column animate=&#8221;fadeinup&#8221;][\/vc_column][vc_column width=&#8221;1\/3&#8243; animate=&#8221;fadeinleft&#8221;][vc_column_text css=&#8221;.vc_custom_1694958080135{margin-bottom: 30px !important;}&#8221;]La direcci\u00f3n de obra es una fase esencial en cualquier proyecto de construcci\u00f3n. Implica la supervisi\u00f3n y coordinaci\u00f3n de todas las actividades necesarias para llevar a cabo la construcci\u00f3n de acuerdo con los planos y especificaciones establecidos. [\/vc_column_text][vc_single_image image=&#8221;1502&#8243; img_size=&#8221;full&#8221;][\/vc_column][vc_column width=&#8221;1\/3&#8243; animate=&#8221;fadeinup&#8221;][vc_column_text css=&#8221;.vc_custom_1694895932097{margin-bottom: 30px [&hellip;]<\/p>\n","protected":false},"author":1,"featured_media":0,"parent":0,"menu_order":0,"comment_status":"closed","ping_status":"closed","template":"page-templates\/template-fullwidth.php","meta":{"footnotes":""},"aioseo_notices":[],"_links":{"self":[{"href":"https:\/\/arquitecto.paginasea.es\/index.php\/wp-json\/wp\/v2\/pages\/872"}],"collection":[{"href":"https:\/\/arquitecto.paginasea.es\/index.php\/wp-json\/wp\/v2\/pages"}],"about":[{"href":"https:\/\/arquitecto.paginasea.es\/index.php\/wp-json\/wp\/v2\/types\/page"}],"author":[{"embeddable":true,"href":"https:\/\/arquitecto.paginasea.es\/index.php\/wp-json\/wp\/v2\/users\/1"}],"replies":[{"embeddable":true,"href":"https:\/\/arquitecto.paginasea.es\/index.php\/wp-json\/wp\/v2\/comments?post=872"}],"version-history":[{"count":6,"href":"https:\/\/arquitecto.paginasea.es\/index.php\/wp-json\/wp\/v2\/pages\/872\/revisions"}],"predecessor-version":[{"id":1546,"href":"https:\/\/arquitecto.paginasea.es\/index.php\/wp-json\/wp\/v2\/pages\/872\/revisions\/1546"}],"wp:attachment":[{"href":"https:\/\/arquitecto.paginasea.es\/index.php\/wp-json\/wp\/v2\/media?parent=872"}],"curies":[{"name":"wp","href":"https:\/\/api.w.org\/{rel}","templated":true}]}}